{"id":2816,"date":"2022-05-19T18:11:40","date_gmt":"2022-05-19T18:11:40","guid":{"rendered":"https:\/\/www.calacsdelouest.ca\/?page_id=2816"},"modified":"2025-07-30T15:07:03","modified_gmt":"2025-07-30T15:07:03","slug":"resources","status":"publish","type":"page","link":"https:\/\/collectifconsenti.ca\/en\/get-informed\/resources\/","title":{"rendered":"Resources"},"content":{"rendered":"\t\t<div data-elementor-type=\"wp-page\" data-elementor-id=\"2816\" class=\"elementor elementor-2816 elementor-1411\" data-elementor-post-type=\"page\">\n\t\t\t\t\t\t<section class=\"elementor-section elementor-top-section elementor-element elementor-element-fd48674 elementor-section-height-min-height ph elementor-section-boxed elementor-section-height-default elementor-section-items-middle\" data-id=\"fd48674\" data-element_type=\"section\" data-settings=\"{&quot;jet_parallax_layout_list&quot;:[],&quot;background_background&quot;:&quot;classic&quot;}\">\n\t\t\t\t\t\t\t<div class=\"elementor-background-overlay\"><\/div>\n\t\t\t\t\t\t\t<div class=\"elementor-container elementor-column-gap-default\">\n\t\t\t\t\t<div class=\"elementor-column elementor-col-100 elementor-top-column elementor-element elementor-element-ebaa6b2 pv100\" data-id=\"ebaa6b2\" data-element_type=\"column\">\n\t\t\t<div class=\"elementor-widget-wrap elementor-element-populated\">\n\t\t\t\t\t\t<div class=\"elementor-element elementor-element-04629a3 elementor-invisible elementor-widget elementor-widget-heading\" data-id=\"04629a3\" data-element_type=\"widget\" data-settings=\"{&quot;_animation&quot;:&quot;fadeInDown&quot;}\" data-widget_type=\"heading.default\">\n\t\t\t\t<div class=\"elementor-widget-container\">\n\t\t\t<p class=\"elementor-heading-title elementor-size-default\">GET INFORMED\n<\/p>\t\t<\/div>\n\t\t\t\t<\/div>\n\t\t\t\t<div class=\"elementor-element elementor-element-f2cbf1c elementor-invisible elementor-widget elementor-widget-heading\" data-id=\"f2cbf1c\" data-element_type=\"widget\" data-settings=\"{&quot;_animation&quot;:&quot;fadeInDown&quot;}\" data-widget_type=\"heading.default\">\n\t\t\t\t<div class=\"elementor-widget-container\">\n\t\t\t<h1 class=\"elementor-heading-title elementor-size-default\">Resources<\/h1>\t\t<\/div>\n\t\t\t\t<\/div>\n\t\t\t\t\t<\/div>\n\t\t<\/div>\n\t\t\t\t\t<\/div>\n\t\t<\/section>\n\t\t\t\t<section class=\"elementor-section elementor-top-section elementor-element elementor-element-cea629a elementor-section-full_width pv50  elementor-section-height-default elementor-section-height-default\" data-id=\"cea629a\" data-element_type=\"section\" data-settings=\"{&quot;jet_parallax_layout_list&quot;:[],&quot;background_background&quot;:&quot;classic&quot;}\">\n\t\t\t\t\t\t<div class=\"elementor-container elementor-column-gap-default\">\n\t\t\t\t\t<div class=\"elementor-column elementor-col-100 elementor-top-column elementor-element elementor-element-288a7a0\" data-id=\"288a7a0\" data-element_type=\"column\">\n\t\t\t<div class=\"elementor-widget-wrap elementor-element-populated\">\n\t\t\t\t\t\t<div class=\"elementor-element elementor-element-638d9b2 width-50 elementor-invisible elementor-widget elementor-widget-text-editor\" data-id=\"638d9b2\" data-element_type=\"widget\" data-settings=\"{&quot;_animation&quot;:&quot;fadeInUp&quot;}\" data-widget_type=\"text-editor.default\">\n\t\t\t\t<div class=\"elementor-widget-container\">\n\t\t\t\t\t\t\t<p>Here are some additional resources that you can refer to as needed.<\/p>\t\t\t\t\t\t<\/div>\n\t\t\t\t<\/div>\n\t\t\t\t\t<\/div>\n\t\t<\/div>\n\t\t\t\t\t<\/div>\n\t\t<\/section>\n\t\t\t\t<section class=\"elementor-section elementor-top-section elementor-element elementor-element-ff0087c elementor-section-content-middle bg-bicolor ph elementor-section-boxed elementor-section-height-default elementor-section-height-default\" data-id=\"ff0087c\" data-element_type=\"section\" data-settings=\"{&quot;jet_parallax_layout_list&quot;:[],&quot;background_background&quot;:&quot;classic&quot;}\">\n\t\t\t\t\t\t<div class=\"elementor-container elementor-column-gap-default\">\n\t\t\t\t\t<div class=\"elementor-column elementor-col-100 elementor-top-column elementor-element elementor-element-be08ed4\" data-id=\"be08ed4\" data-element_type=\"column\" data-settings=\"{&quot;background_background&quot;:&quot;classic&quot;}\">\n\t\t\t<div class=\"elementor-widget-wrap elementor-element-populated\">\n\t\t\t\t\t\t<section class=\"elementor-section elementor-inner-section elementor-element elementor-element-e8e0378 elementor-reverse-mobile elementor-section-boxed elementor-section-height-default elementor-section-height-default\" data-id=\"e8e0378\" data-element_type=\"section\" data-settings=\"{&quot;jet_parallax_layout_list&quot;:[]}\">\n\t\t\t\t\t\t<div class=\"elementor-container elementor-column-gap-default\">\n\t\t\t\t\t<div class=\"elementor-column elementor-col-100 elementor-inner-column elementor-element elementor-element-350b3bf pv100 pl pr ph\" data-id=\"350b3bf\" data-element_type=\"column\">\n\t\t\t<div class=\"elementor-widget-wrap elementor-element-populated\">\n\t\t\t\t\t\t<div class=\"elementor-element elementor-element-25151ba raven-tabs-mobile-stacking-yes raven-advanced-tab-icon-position-left elementor-widget elementor-widget-raven-tabs\" data-id=\"25151ba\" data-element_type=\"widget\" data-settings=\"{&quot;tabs_pane_animation&quot;:&quot;none&quot;,&quot;tabs_event&quot;:&quot;click&quot;,&quot;auto_switch&quot;:&quot;label_off&quot;}\" data-widget_type=\"raven-tabs.default\">\n\t\t\t\t<div class=\"elementor-widget-container\">\n\t\t\t\t\t<div class=\"raven-widget-wrapper\">\n\t\t\t<div class=\"raven-tabs raven-tabs-vertical raven-tabs-card\">\n\t\t\t\t<div class=\"raven-tabs-list\" role=\"tablist\">\n\t\t\t\t\t\t\t\t\t\t\t<div id=\"raven-tabs-title-3881\" class=\"raven-tabs-title raven-tabs-desktop-title raven-tabs-active raven-tabs-has-icon\" role=\"tab\" aria-controls=\"raven-tabs-content-3881\" tabindex=\"-1\" data-tab=\"1\">\n\t\t\t\t\t\t\t\t\t\t<span class=\"raven-tabs-title-icon\">\n\t\t\t\t<i class=\"fal fa-long-arrow-right\"><\/i>\t\t\t<\/span>\n\t\t\t\t\t\t\t\t\t\t<span class=\"raven-tabs-title-text\"><span class=\"chiffre\">01<\/span>Resources list<\/span>\n\t\t\t\t\t\t<\/div>\n\t\t\t\t\t\t\t\t\t\t\t<div id=\"raven-tabs-title-3882\" class=\"raven-tabs-title raven-tabs-desktop-title raven-tabs-has-icon\" role=\"tab\" aria-controls=\"raven-tabs-content-3882\" tabindex=\"-1\" data-tab=\"2\">\n\t\t\t\t\t\t\t\t\t\t<span class=\"raven-tabs-title-icon\">\n\t\t\t\t<i class=\"fal fa-long-arrow-right\"><\/i>\t\t\t<\/span>\n\t\t\t\t\t\t\t\t\t\t<span class=\"raven-tabs-title-text\"><span class=\"chiffre\">02<\/span> Help lines<\/span>\n\t\t\t\t\t\t<\/div>\n\t\t\t\t\t\t\t\t\t\t\t<div id=\"raven-tabs-title-3883\" class=\"raven-tabs-title raven-tabs-desktop-title raven-tabs-has-icon\" role=\"tab\" aria-controls=\"raven-tabs-content-3883\" tabindex=\"-1\" data-tab=\"3\">\n\t\t\t\t\t\t\t\t\t\t<span class=\"raven-tabs-title-icon\">\n\t\t\t\t<i class=\"fal fa-long-arrow-right\"><\/i>\t\t\t<\/span>\n\t\t\t\t\t\t\t\t\t\t<span class=\"raven-tabs-title-text\"><span class=\"chiffre\">03<\/span> Other resources<\/span>\n\t\t\t\t\t\t<\/div>\n\t\t\t\t\t\t\t\t\t\t\t<div id=\"raven-tabs-title-3884\" class=\"raven-tabs-title raven-tabs-desktop-title raven-tabs-has-icon\" role=\"tab\" aria-controls=\"raven-tabs-content-3884\" tabindex=\"-1\" data-tab=\"4\">\n\t\t\t\t\t\t\t\t\t\t<span class=\"raven-tabs-title-icon\">\n\t\t\t\t<i class=\"fal fa-long-arrow-right\"><\/i>\t\t\t<\/span>\n\t\t\t\t\t\t\t\t\t\t<span class=\"raven-tabs-title-text\"><span class=\"chiffre\">04<\/span> Partners<\/span>\n\t\t\t\t\t\t<\/div>\n\t\t\t\t\t\t\t\t\t<\/div>\n\t\t\t\t<div class=\"raven-tabs-content-wrapper\">\n\t\t\t\t\t\t\n\t\t\t\t\t\t<div class=\"raven-tabs-title raven-tabs-mobile-title raven-tabs-active raven-tabs-has-icon\" role=\"tab\" tabindex=\"-1\" data-tab=\"1\">\n\t\t\t\t\t\t\t<span class=\"raven-tabs-title-icon\">\n\t\t\t\t<i class=\"fal fa-long-arrow-right\"><\/i>\t\t\t<\/span>\n\t\t\t\t\t\t\t<span class=\"raven-tabs-title-text\"><span class=\"chiffre\">01<\/span>Resources list<\/span>\n\t\t\t<\/div>\n\t\t\t\t\t\t<div id=\"raven-tabs-content-3881\" class=\"raven-tabs-content elementor-clearfix raven-tabs-active\" role=\"tabpanel\" aria-labelledby=\"raven-tabs-title-3881\" data-tab=\"1\">\n\t\t\t\t<div class=\"raven-animations-none is-simple-content\">\n\t\t\t\t<p><strong>Centre pour les victimes d\u2019agression sexuelle de Montr\u00e9al<br \/><\/strong><span style=\"font-size: 1rem;\">(men and women)<br \/><\/span><a href=\"tel:5149344504\">(514) 934-4504<\/a><br \/><a href=\"https:\/\/www.cvasm.org\/en\/\" target=\"_blank\" rel=\"noopener\">https:\/\/www.cvasm.org\/en\/<\/a><\/p><p><strong>Mouvement contre le viol et l\u2019inceste<br \/><\/strong>(Women only -expertise with immigrant women and asylum seekers)<br \/><a href=\"tel:5142789383\">(514) 278-9383<\/a><br \/><a href=\"https:\/\/www.mcvicontreleviol.org\/\" target=\"_blank\" rel=\"noopener\">https:\/\/www.mcvicontreleviol.org\/<\/a><\/p><p><strong>CALACS Tr\u00eave pour Elles<br \/><\/strong><span style=\"font-size: 1rem;\">(Women, trans and non-binary people)<br \/><\/span><a href=\"tel:5142510323\">514-251-0323<\/a><br \/><a href=\"https:\/\/trevepourelles.org\/\" target=\"_blank\" rel=\"noopener\">https:\/\/trevepourelles.org\/<\/a><\/p><p><strong>CRIPHASE<br \/><\/strong>(Resource and Intervention Centre for Male Survivors of Childhood Sexual Abuse)<br \/><a href=\"tel:5145295567\">(514) 529-5567<\/a><br \/><a href=\"http:\/\/www.criphase.org\/\" target=\"_blank\" rel=\"noopener\">http:\/\/www.criphase.org\/<\/a><\/p><p><strong>Help and Information Center on Workplace Harassment<br \/><\/strong>(Women and men)<br \/><a href=\"tel:5145260789\">(514) 526-0789<\/a><br \/><a href=\"https:\/\/gaihst.qc.ca\/en\/home\" target=\"_blank\" rel=\"noopener\">https:\/\/gaihst.qc.ca\/en\/<\/a><\/p><p><strong>Fondation Marie-Vincent<br \/><\/strong>(Children and their close relations)<br \/><a href=\"tel:514 285050\">(514) 285-050<\/a><br \/><a href=\"https:\/\/marie-vincent.org\/en\/\" target=\"_blank\" rel=\"noopener\">https:\/\/marie-vincent.org\/en\/<\/a><\/p>\t\t\t\t<\/div>\n\t\t\t<\/div>\n\t\t\t\n\t\t\t\t\t\t<div class=\"raven-tabs-title raven-tabs-mobile-title raven-tabs-has-icon\" role=\"tab\" tabindex=\"-1\" data-tab=\"2\">\n\t\t\t\t\t\t\t<span class=\"raven-tabs-title-icon\">\n\t\t\t\t<i class=\"fal fa-long-arrow-right\"><\/i>\t\t\t<\/span>\n\t\t\t\t\t\t\t<span class=\"raven-tabs-title-text\"><span class=\"chiffre\">02<\/span> Help lines<\/span>\n\t\t\t<\/div>\n\t\t\t\t\t\t<div id=\"raven-tabs-content-3882\" class=\"raven-tabs-content elementor-clearfix\" role=\"tabpanel\" aria-labelledby=\"raven-tabs-title-3882\" data-tab=\"2\">\n\t\t\t\t<div class=\"raven-animations-none is-simple-content\">\n\t\t\t\t<p><strong>Sexual Violence Helpline (24\/7)<br \/><\/strong><a href=\"tel:18889339007\">1 888 933-9007<\/a> or <a href=\"tel:5149339007\">(514) 933-9007<\/a><\/p><p><strong>S.O.S domestic violence<br \/><\/strong><a href=\"tel:18003639010\">1 800 363-9010<\/a> or <a href=\"tel:5148739010\">(514) 873-9010<\/a><br \/><a href=\"https:\/\/sosviolenceconjugale.ca\/en\" target=\"_blank\" rel=\"noopener\">https:\/\/sosviolenceconjugale.ca\/en<\/a><\/p><p><strong>Suicide-Action<br \/><\/strong><a href=\"tel:18662773553\">1 866 277-3553<\/a> or <a href=\"tel:5147234000\">(514) 723-4000<\/a><br \/><a href=\"https:\/\/suicideactionmontreal.org\/en\/\" target=\"_blank\" rel=\"noopener\">https:\/\/suicideactionmontreal.org\/en\/<\/a><\/p><p><strong>Tel-Aide<br \/><\/strong><a href=\"tel:5149351101\">(514) 935-1101<\/a><br \/><a href=\"https:\/\/telaidemontreal.org\/en\/\" target=\"_blank\" rel=\"noopener\">https:\/\/telaidemontreal.org\/en\/<\/a><\/p><p><strong>Tel-Jeunes<br \/><\/strong><span style=\"font-size: 1rem;\"><a href=\"tel:18002632266\">1\u00a0800\u00a0263-2266<\/a> or <a href=\"tel:5146001002\">(514) 600-1002<\/a><br \/><\/span><a href=\"https:\/\/www.teljeunes.com\/Home\" target=\"_blank\" rel=\"noopener\">https:\/\/www.teljeunes.com\/Home<\/a><\/p>\t\t\t\t<\/div>\n\t\t\t<\/div>\n\t\t\t\n\t\t\t\t\t\t<div class=\"raven-tabs-title raven-tabs-mobile-title raven-tabs-has-icon\" role=\"tab\" tabindex=\"-1\" data-tab=\"3\">\n\t\t\t\t\t\t\t<span class=\"raven-tabs-title-icon\">\n\t\t\t\t<i class=\"fal fa-long-arrow-right\"><\/i>\t\t\t<\/span>\n\t\t\t\t\t\t\t<span class=\"raven-tabs-title-text\"><span class=\"chiffre\">03<\/span> Other resources<\/span>\n\t\t\t<\/div>\n\t\t\t\t\t\t<div id=\"raven-tabs-content-3883\" class=\"raven-tabs-content elementor-clearfix\" role=\"tabpanel\" aria-labelledby=\"raven-tabs-title-3883\" data-tab=\"3\">\n\t\t\t\t<div class=\"raven-animations-none is-simple-content\">\n\t\t\t\t<p><strong>IVAC<br \/><\/strong>(Compensation for crime victims)<br \/><a href=\"tel:5149063019\">(514) 906-3019<\/a><br \/><a href=\"https:\/\/www.ivac.qc.ca\/en\/Pages\/default.aspx\" target=\"_blank\" rel=\"noopener\">https:\/\/www.ivac.qc.ca\/en\/Pages\/default.aspx<\/a><\/p><p><strong>CAVAC<br \/><\/strong>(Montreal Crime Victims Assistance Centre)<br \/><a href=\"tel:5142779860\">(514) 277-9860<\/a><br \/><a href=\"https:\/\/cavac.qc.ca\/en\/\" target=\"_blank\" rel=\"noopener\">https:\/\/cavac.qc.ca\/en\/<\/a><\/p><p><strong>Juripop legal clinic<br \/><\/strong>(Several languages)<br \/><a href=\"tel:5147051636\">(514) 705-1636<\/a><br \/><a href=\"https:\/\/juripop.org\/en\/\" target=\"_blank\" rel=\"noopener\">https:\/\/juripop.org\/en\/<\/a><\/p>\t\t\t\t<\/div>\n\t\t\t<\/div>\n\t\t\t\n\t\t\t\t\t\t<div class=\"raven-tabs-title raven-tabs-mobile-title raven-tabs-has-icon\" role=\"tab\" tabindex=\"-1\" data-tab=\"4\">\n\t\t\t\t\t\t\t<span class=\"raven-tabs-title-icon\">\n\t\t\t\t<i class=\"fal fa-long-arrow-right\"><\/i>\t\t\t<\/span>\n\t\t\t\t\t\t\t<span class=\"raven-tabs-title-text\"><span class=\"chiffre\">04<\/span> Partners<\/span>\n\t\t\t<\/div>\n\t\t\t\t\t\t<div id=\"raven-tabs-content-3884\" class=\"raven-tabs-content elementor-clearfix\" role=\"tabpanel\" aria-labelledby=\"raven-tabs-title-3884\" data-tab=\"4\">\n\t\t\t\t<div class=\"raven-animations-none is-simple-content\">\n\t\t\t\t<p><strong>RQCALACS<br \/><\/strong><a href=\"http:\/\/www.rqcalacs.qc.ca\/index-en.php\" target=\"_blank\" rel=\"noopener\">http:\/\/www.rqcalacs.qc.ca\/index-en.php<\/a><\/p><p><strong>Table de concertation sur les agressions \u00e0 caract\u00e8re sexuel de Montr\u00e9al<br \/><\/strong><a style=\"font-size: 1rem;\" href=\"http:\/\/www.agressionsexuellemontreal.ca\/_home\" target=\"_blank\" rel=\"noopener\">http:\/\/www.agressionsexuellemontreal.ca\/_home<\/a><\/p><p id=\"yui_3_17_2_1_1652990012489_982\"><strong>The Refugee Centre<br \/><\/strong><a href=\"https:\/\/www.therefugeecentre.org\/home\" target=\"_blank\" rel=\"noopener\">https:\/\/www.therefugeecentre.org\/home<\/a><\/p>\t\t\t\t<\/div>\n\t\t\t<\/div>\n\t\t\t\t\t\t\t<\/div>\n\t\t\t<\/div>\n\t\t<\/div>\n\t\t\t\t<\/div>\n\t\t\t\t<\/div>\n\t\t\t\t\t<\/div>\n\t\t<\/div>\n\t\t\t\t\t<\/div>\n\t\t<\/section>\n\t\t\t\t\t<\/div>\n\t\t<\/div>\n\t\t\t\t\t<\/div>\n\t\t<\/section>\n\t\t\t\t<section class=\"elementor-section elementor-top-section elementor-element elementor-element-cb34735 elementor-section-boxed elementor-section-height-default elementor-section-height-default\" data-id=\"cb34735\" data-element_type=\"section\" data-settings=\"{&quot;jet_parallax_layout_list&quot;:[],&quot;background_background&quot;:&quot;classic&quot;}\">\n\t\t\t\t\t\t<div class=\"elementor-container elementor-column-gap-default\">\n\t\t\t\t\t<div class=\"elementor-column elementor-col-100 elementor-top-column elementor-element elementor-element-5c0ece6\" data-id=\"5c0ece6\" data-element_type=\"column\">\n\t\t\t<div class=\"elementor-widget-wrap elementor-element-populated\">\n\t\t\t\t\t\t<div class=\"elementor-element elementor-element-8d85cc7 elementor-widget elementor-widget-spacer\" data-id=\"8d85cc7\" data-element_type=\"widget\" data-widget_type=\"spacer.default\">\n\t\t\t\t<div class=\"elementor-widget-container\">\n\t\t\t\t\t<div class=\"elementor-spacer\">\n\t\t\t<div class=\"elementor-spacer-inner\"><\/div>\n\t\t<\/div>\n\t\t\t\t<\/div>\n\t\t\t\t<\/div>\n\t\t\t\t\t<\/div>\n\t\t<\/div>\n\t\t\t\t\t<\/div>\n\t\t<\/section>\n\t\t\t\t<\/div>\n\t\t","protected":false},"excerpt":{"rendered":"<p>GET INFORMED Resources Here are some additional resources that you can refer to as needed. 01Resources list 02 Help lines 03 Other resources 04 Partners 01Resources list Centre pour les victimes d\u2019agression sexuelle de Montr\u00e9al(men and women)(514) 934-4504https:\/\/www.cvasm.org\/en\/ Mouvement contre le viol et l\u2019inceste(Women only -expertise with immigrant women and asylum seekers)(514) 278-9383https:\/\/www.mcvicontreleviol.org\/ CALACS Tr\u00eave [&hellip;]<\/p>\n","protected":false},"author":1,"featured_media":0,"parent":2831,"menu_order":0,"comment_status":"closed","ping_status":"closed","template":"elementor_header_footer","meta":{"_acf_changed":false,"footnotes":""},"class_list":["post-2816","page","type-page","status-publish","hentry"],"acf":[],"yoast_head":"<!-- This site is optimized with the Yoast SEO plugin v23.5 - https:\/\/yoast.com\/wordpress\/plugins\/seo\/ -->\n<title>Resources - Collectif Consenti<\/title>\n<meta name=\"robots\" content=\"index, follow, max-snippet:-1, max-image-preview:large, max-video-preview:-1\" \/>\n<link rel=\"canonical\" href=\"https:\/\/collectifconsenti.ca\/sinformer\/ressources\/\" \/>\n<meta property=\"og:locale\" content=\"en_US\" \/>\n<meta property=\"og:type\" content=\"article\" \/>\n<meta property=\"og:title\" content=\"Resources - Collectif Consenti\" \/>\n<meta property=\"og:description\" content=\"GET INFORMED Resources Here are some additional resources that you can refer to as needed. 01Resources list 02 Help lines 03 Other resources 04 Partners 01Resources list Centre pour les victimes d\u2019agression sexuelle de Montr\u00e9al(men and women)(514) 934-4504https:\/\/www.cvasm.org\/en\/ Mouvement contre le viol et l\u2019inceste(Women only -expertise with immigrant women and asylum seekers)(514) 278-9383https:\/\/www.mcvicontreleviol.org\/ CALACS Tr\u00eave [&hellip;]\" \/>\n<meta property=\"og:url\" content=\"https:\/\/collectifconsenti.ca\/sinformer\/ressources\/\" \/>\n<meta property=\"og:site_name\" content=\"Collectif Consenti\" \/>\n<meta property=\"article:modified_time\" content=\"2025-07-30T15:07:03+00:00\" \/>\n<meta name=\"twitter:card\" content=\"summary_large_image\" \/>\n<meta name=\"twitter:label1\" content=\"Est. reading time\" \/>\n\t<meta name=\"twitter:data1\" content=\"1 minute\" \/>\n<script type=\"application\/ld+json\" class=\"yoast-schema-graph\">{\"@context\":\"https:\/\/schema.org\",\"@graph\":[{\"@type\":\"WebPage\",\"@id\":\"https:\/\/collectifconsenti.ca\/sinformer\/ressources\/\",\"url\":\"https:\/\/collectifconsenti.ca\/sinformer\/ressources\/\",\"name\":\"Resources - Collectif Consenti\",\"isPartOf\":{\"@id\":\"https:\/\/collectifconsenti.ca\/#website\"},\"datePublished\":\"2022-05-19T18:11:40+00:00\",\"dateModified\":\"2025-07-30T15:07:03+00:00\",\"breadcrumb\":{\"@id\":\"https:\/\/collectifconsenti.ca\/sinformer\/ressources\/#breadcrumb\"},\"inLanguage\":\"en-US\",\"potentialAction\":[{\"@type\":\"ReadAction\",\"target\":[\"https:\/\/collectifconsenti.ca\/sinformer\/ressources\/\"]}]},{\"@type\":\"BreadcrumbList\",\"@id\":\"https:\/\/collectifconsenti.ca\/sinformer\/ressources\/#breadcrumb\",\"itemListElement\":[{\"@type\":\"ListItem\",\"position\":1,\"name\":\"Accueil\",\"item\":\"https:\/\/collectifconsenti.ca\/\"},{\"@type\":\"ListItem\",\"position\":2,\"name\":\"Get informed\",\"item\":\"https:\/\/collectifconsenti.ca\/sinformer\/\"},{\"@type\":\"ListItem\",\"position\":3,\"name\":\"Resources\"}]},{\"@type\":\"WebSite\",\"@id\":\"https:\/\/collectifconsenti.ca\/#website\",\"url\":\"https:\/\/collectifconsenti.ca\/\",\"name\":\"Collectif Consenti\",\"description\":\"Centre d&#039;Aide et de Lutte contre les Agressions \u00e0 Caract\u00e8re Sexuel\",\"publisher\":{\"@id\":\"https:\/\/collectifconsenti.ca\/#organization\"},\"potentialAction\":[{\"@type\":\"SearchAction\",\"target\":{\"@type\":\"EntryPoint\",\"urlTemplate\":\"https:\/\/collectifconsenti.ca\/?s={search_term_string}\"},\"query-input\":{\"@type\":\"PropertyValueSpecification\",\"valueRequired\":true,\"valueName\":\"search_term_string\"}}],\"inLanguage\":\"en-US\"},{\"@type\":\"Organization\",\"@id\":\"https:\/\/collectifconsenti.ca\/#organization\",\"name\":\"Collectif Consenti\",\"url\":\"https:\/\/collectifconsenti.ca\/\",\"logo\":{\"@type\":\"ImageObject\",\"inLanguage\":\"en-US\",\"@id\":\"https:\/\/collectifconsenti.ca\/#\/schema\/logo\/image\/\",\"url\":\"https:\/\/collectifconsenti.ca\/wp-content\/uploads\/2020\/05\/CC_RESEAUX-SOCIAUX_Plan-de-travail-1-copie.jpg\",\"contentUrl\":\"https:\/\/collectifconsenti.ca\/wp-content\/uploads\/2020\/05\/CC_RESEAUX-SOCIAUX_Plan-de-travail-1-copie.jpg\",\"width\":1501,\"height\":1500,\"caption\":\"Collectif Consenti\"},\"image\":{\"@id\":\"https:\/\/collectifconsenti.ca\/#\/schema\/logo\/image\/\"}}]}<\/script>\n<!-- \/ Yoast SEO plugin. -->","yoast_head_json":{"title":"Resources - Collectif Consenti","robots":{"index":"index","follow":"follow","max-snippet":"max-snippet:-1","max-image-preview":"max-image-preview:large","max-video-preview":"max-video-preview:-1"},"canonical":"https:\/\/collectifconsenti.ca\/sinformer\/ressources\/","og_locale":"en_US","og_type":"article","og_title":"Resources - Collectif Consenti","og_description":"GET INFORMED Resources Here are some additional resources that you can refer to as needed. 01Resources list 02 Help lines 03 Other resources 04 Partners 01Resources list Centre pour les victimes d\u2019agression sexuelle de Montr\u00e9al(men and women)(514) 934-4504https:\/\/www.cvasm.org\/en\/ Mouvement contre le viol et l\u2019inceste(Women only -expertise with immigrant women and asylum seekers)(514) 278-9383https:\/\/www.mcvicontreleviol.org\/ CALACS Tr\u00eave [&hellip;]","og_url":"https:\/\/collectifconsenti.ca\/sinformer\/ressources\/","og_site_name":"Collectif Consenti","article_modified_time":"2025-07-30T15:07:03+00:00","twitter_card":"summary_large_image","twitter_misc":{"Est. reading time":"1 minute"},"schema":{"@context":"https:\/\/schema.org","@graph":[{"@type":"WebPage","@id":"https:\/\/collectifconsenti.ca\/sinformer\/ressources\/","url":"https:\/\/collectifconsenti.ca\/sinformer\/ressources\/","name":"Resources - Collectif Consenti","isPartOf":{"@id":"https:\/\/collectifconsenti.ca\/#website"},"datePublished":"2022-05-19T18:11:40+00:00","dateModified":"2025-07-30T15:07:03+00:00","breadcrumb":{"@id":"https:\/\/collectifconsenti.ca\/sinformer\/ressources\/#breadcrumb"},"inLanguage":"en-US","potentialAction":[{"@type":"ReadAction","target":["https:\/\/collectifconsenti.ca\/sinformer\/ressources\/"]}]},{"@type":"BreadcrumbList","@id":"https:\/\/collectifconsenti.ca\/sinformer\/ressources\/#breadcrumb","itemListElement":[{"@type":"ListItem","position":1,"name":"Accueil","item":"https:\/\/collectifconsenti.ca\/"},{"@type":"ListItem","position":2,"name":"Get informed","item":"https:\/\/collectifconsenti.ca\/sinformer\/"},{"@type":"ListItem","position":3,"name":"Resources"}]},{"@type":"WebSite","@id":"https:\/\/collectifconsenti.ca\/#website","url":"https:\/\/collectifconsenti.ca\/","name":"Collectif Consenti","description":"Centre d&#039;Aide et de Lutte contre les Agressions \u00e0 Caract\u00e8re Sexuel","publisher":{"@id":"https:\/\/collectifconsenti.ca\/#organization"},"potentialAction":[{"@type":"SearchAction","target":{"@type":"EntryPoint","urlTemplate":"https:\/\/collectifconsenti.ca\/?s={search_term_string}"},"query-input":{"@type":"PropertyValueSpecification","valueRequired":true,"valueName":"search_term_string"}}],"inLanguage":"en-US"},{"@type":"Organization","@id":"https:\/\/collectifconsenti.ca\/#organization","name":"Collectif Consenti","url":"https:\/\/collectifconsenti.ca\/","logo":{"@type":"ImageObject","inLanguage":"en-US","@id":"https:\/\/collectifconsenti.ca\/#\/schema\/logo\/image\/","url":"https:\/\/collectifconsenti.ca\/wp-content\/uploads\/2020\/05\/CC_RESEAUX-SOCIAUX_Plan-de-travail-1-copie.jpg","contentUrl":"https:\/\/collectifconsenti.ca\/wp-content\/uploads\/2020\/05\/CC_RESEAUX-SOCIAUX_Plan-de-travail-1-copie.jpg","width":1501,"height":1500,"caption":"Collectif Consenti"},"image":{"@id":"https:\/\/collectifconsenti.ca\/#\/schema\/logo\/image\/"}}]}},"_links":{"self":[{"href":"https:\/\/collectifconsenti.ca\/en\/wp-json\/wp\/v2\/pages\/2816","targetHints":{"allow":["GET"]}}],"collection":[{"href":"https:\/\/collectifconsenti.ca\/en\/wp-json\/wp\/v2\/pages"}],"about":[{"href":"https:\/\/collectifconsenti.ca\/en\/wp-json\/wp\/v2\/types\/page"}],"author":[{"embeddable":true,"href":"https:\/\/collectifconsenti.ca\/en\/wp-json\/wp\/v2\/users\/1"}],"replies":[{"embeddable":true,"href":"https:\/\/collectifconsenti.ca\/en\/wp-json\/wp\/v2\/comments?post=2816"}],"version-history":[{"count":20,"href":"https:\/\/collectifconsenti.ca\/en\/wp-json\/wp\/v2\/pages\/2816\/revisions"}],"predecessor-version":[{"id":5824,"href":"https:\/\/collectifconsenti.ca\/en\/wp-json\/wp\/v2\/pages\/2816\/revisions\/5824"}],"up":[{"embeddable":true,"href":"https:\/\/collectifconsenti.ca\/en\/wp-json\/wp\/v2\/pages\/2831"}],"wp:attachment":[{"href":"https:\/\/collectifconsenti.ca\/en\/wp-json\/wp\/v2\/media?parent=2816"}],"curies":[{"name":"wp","href":"https:\/\/api.w.org\/{rel}","templated":true}]}}