{"id":2721,"date":"2022-05-11T20:37:32","date_gmt":"2022-05-11T20:37:32","guid":{"rendered":"https:\/\/www.calacsdelouest.ca\/?page_id=2721"},"modified":"2025-07-30T15:35:04","modified_gmt":"2025-07-30T15:35:04","slug":"make-a-donation","status":"publish","type":"page","link":"https:\/\/collectifconsenti.ca\/en\/get-involved\/make-a-donation\/","title":{"rendered":"Make a donation"},"content":{"rendered":"\t\t<div data-elementor-type=\"wp-page\" data-elementor-id=\"2721\" class=\"elementor elementor-2721 elementor-1663\" data-elementor-post-type=\"page\">\n\t\t\t\t\t\t<section class=\"elementor-section elementor-top-section elementor-element elementor-element-ca479c1 elementor-section-height-min-height ph elementor-section-boxed elementor-section-height-default elementor-section-items-middle\" data-id=\"ca479c1\" data-element_type=\"section\" data-settings=\"{&quot;jet_parallax_layout_list&quot;:[],&quot;background_background&quot;:&quot;classic&quot;}\">\n\t\t\t\t\t\t\t<div class=\"elementor-background-overlay\"><\/div>\n\t\t\t\t\t\t\t<div class=\"elementor-container elementor-column-gap-default\">\n\t\t\t\t\t<div class=\"elementor-column elementor-col-100 elementor-top-column elementor-element elementor-element-2ccdd4f pv100\" data-id=\"2ccdd4f\" data-element_type=\"column\">\n\t\t\t<div class=\"elementor-widget-wrap elementor-element-populated\">\n\t\t\t\t\t\t<div class=\"elementor-element elementor-element-61e7f30 elementor-invisible elementor-widget elementor-widget-heading\" data-id=\"61e7f30\" data-element_type=\"widget\" data-settings=\"{&quot;_animation&quot;:&quot;fadeInDown&quot;}\" data-widget_type=\"heading.default\">\n\t\t\t\t<div class=\"elementor-widget-container\">\n\t\t\t<p class=\"elementor-heading-title elementor-size-default\">GET INVOLVED<\/p>\t\t<\/div>\n\t\t\t\t<\/div>\n\t\t\t\t<div class=\"elementor-element elementor-element-83fb3b9 elementor-invisible elementor-widget elementor-widget-heading\" data-id=\"83fb3b9\" data-element_type=\"widget\" data-settings=\"{&quot;_animation&quot;:&quot;fadeInDown&quot;}\" data-widget_type=\"heading.default\">\n\t\t\t\t<div class=\"elementor-widget-container\">\n\t\t\t<h1 class=\"elementor-heading-title elementor-size-default\">Make a donation <\/h1>\t\t<\/div>\n\t\t\t\t<\/div>\n\t\t\t\t\t<\/div>\n\t\t<\/div>\n\t\t\t\t\t<\/div>\n\t\t<\/section>\n\t\t\t\t<section class=\"elementor-section elementor-top-section elementor-element elementor-element-47e7dbd pv50  ph elementor-section-content-middle elementor-section-boxed elementor-section-height-default elementor-section-height-default\" data-id=\"47e7dbd\" data-element_type=\"section\" data-settings=\"{&quot;jet_parallax_layout_list&quot;:[],&quot;background_background&quot;:&quot;classic&quot;}\">\n\t\t\t\t\t\t<div class=\"elementor-container elementor-column-gap-default\">\n\t\t\t\t\t<div class=\"elementor-column elementor-col-50 elementor-top-column elementor-element elementor-element-eef719e pr \" data-id=\"eef719e\" data-element_type=\"column\">\n\t\t\t<div class=\"elementor-widget-wrap elementor-element-populated\">\n\t\t\t\t\t\t<div class=\"elementor-element elementor-element-9a86cad elementor-widget elementor-widget-heading\" data-id=\"9a86cad\" data-element_type=\"widget\" data-widget_type=\"heading.default\">\n\t\t\t\t<div class=\"elementor-widget-container\">\n\t\t\t<h2 class=\"elementor-heading-title elementor-size-default\">Make a donation <\/h2>\t\t<\/div>\n\t\t\t\t<\/div>\n\t\t\t\t<div class=\"elementor-element elementor-element-64579f3 elementor-widget elementor-widget-text-editor\" data-id=\"64579f3\" data-element_type=\"widget\" data-widget_type=\"text-editor.default\">\n\t\t\t\t<div class=\"elementor-widget-container\">\n\t\t\t\t\t\t\t<p>The Consent Collective is a non-profit organization and it would be impossible for us to accomplish our work without the help of your donations and our volunteers. Donations allow us to ensure the sustainability of our services to our clients. Your generosity can make a difference.<\/p><p>Please note that a tax receipt will be issued for donations of $10 or more. Don&#8217;t forget to leave us your contact information so that we can produce the receipt. If you wish your donation to be anonymous, please let us know<\/p>\t\t\t\t\t\t<\/div>\n\t\t\t\t<\/div>\n\t\t\t\t<div class=\"elementor-element elementor-element-3373b8e elementor-widget__width-auto elementor-invisible elementor-widget elementor-widget-button\" data-id=\"3373b8e\" data-element_type=\"widget\" data-settings=\"{&quot;_animation&quot;:&quot;fadeInUp&quot;}\" data-widget_type=\"button.default\">\n\t\t\t\t<div class=\"elementor-widget-container\">\n\t\t\t\t\t<div class=\"elementor-button-wrapper\">\n\t\t\t<a class=\"elementor-button elementor-button-link elementor-size-lg\" href=\"https:\/\/www.canadahelps.org\/en\/dn\/15584\/\" target=\"_blank\">\n\t\t\t\t\t\t<span class=\"elementor-button-content-wrapper\">\n\t\t\t\t\t\t\t\t\t<span class=\"elementor-button-text\">Make a donation <\/span>\n\t\t\t\t\t<\/span>\n\t\t\t\t\t<\/a>\n\t\t<\/div>\n\t\t\t\t<\/div>\n\t\t\t\t<\/div>\n\t\t\t\t\t<\/div>\n\t\t<\/div>\n\t\t\t\t<div class=\"elementor-column elementor-col-50 elementor-top-column elementor-element elementor-element-8034d95\" data-id=\"8034d95\" data-element_type=\"column\">\n\t\t\t<div class=\"elementor-widget-wrap elementor-element-populated\">\n\t\t\t\t\t\t<div class=\"elementor-element elementor-element-4fd177c elementor-widget elementor-widget-image\" data-id=\"4fd177c\" data-element_type=\"widget\" data-widget_type=\"image.default\">\n\t\t\t\t<div class=\"elementor-widget-container\">\n\t\t\t\t\t\t\t\t\t\t\t\t\t<img fetchpriority=\"high\" decoding=\"async\" width=\"595\" height=\"425\" src=\"https:\/\/collectifconsenti.ca\/wp-content\/uploads\/2022\/05\/faire-un-don-image-1-1.jpg\" class=\"attachment-full size-full wp-image-2471\" alt=\"\" srcset=\"https:\/\/collectifconsenti.ca\/wp-content\/uploads\/2022\/05\/faire-un-don-image-1-1.jpg 595w, https:\/\/collectifconsenti.ca\/wp-content\/uploads\/2022\/05\/faire-un-don-image-1-1-300x214.jpg 300w\" sizes=\"(max-width: 595px) 100vw, 595px\" \/>\t\t\t\t\t\t\t\t\t\t\t\t\t<\/div>\n\t\t\t\t<\/div>\n\t\t\t\t\t<\/div>\n\t\t<\/div>\n\t\t\t\t\t<\/div>\n\t\t<\/section>\n\t\t\t\t<section class=\"elementor-section elementor-top-section elementor-element elementor-element-0fbd846 elementor-section-content-middle bg-bicolor ph elementor-section-boxed elementor-section-height-default elementor-section-height-default\" data-id=\"0fbd846\" data-element_type=\"section\" data-settings=\"{&quot;jet_parallax_layout_list&quot;:[],&quot;background_background&quot;:&quot;classic&quot;}\">\n\t\t\t\t\t\t<div class=\"elementor-container elementor-column-gap-default\">\n\t\t\t\t\t<div class=\"elementor-column elementor-col-100 elementor-top-column elementor-element elementor-element-0c145c9\" data-id=\"0c145c9\" data-element_type=\"column\" data-settings=\"{&quot;background_background&quot;:&quot;classic&quot;}\">\n\t\t\t<div class=\"elementor-widget-wrap elementor-element-populated\">\n\t\t\t\t\t\t<section class=\"elementor-section elementor-inner-section elementor-element elementor-element-d15c7da elementor-reverse-mobile elementor-section-boxed elementor-section-height-default elementor-section-height-default\" data-id=\"d15c7da\" data-element_type=\"section\" data-settings=\"{&quot;jet_parallax_layout_list&quot;:[]}\">\n\t\t\t\t\t\t<div class=\"elementor-container elementor-column-gap-default\">\n\t\t\t\t\t<div class=\"elementor-column elementor-col-50 elementor-inner-column elementor-element elementor-element-8d36d8a\" data-id=\"8d36d8a\" data-element_type=\"column\">\n\t\t\t<div class=\"elementor-widget-wrap elementor-element-populated\">\n\t\t\t\t\t\t<div class=\"elementor-element elementor-element-fa64274 pv50 elementor-invisible elementor-widget elementor-widget-image\" data-id=\"fa64274\" data-element_type=\"widget\" data-settings=\"{&quot;_animation&quot;:&quot;slideInLeft&quot;,&quot;_animation_mobile&quot;:&quot;fadeInUp&quot;}\" data-widget_type=\"image.default\">\n\t\t\t\t<div class=\"elementor-widget-container\">\n\t\t\t\t\t\t\t\t\t\t\t\t\t<img decoding=\"async\" width=\"595\" height=\"555\" src=\"https:\/\/collectifconsenti.ca\/wp-content\/uploads\/2022\/05\/faire-un-don-image-2-1.jpg\" class=\"attachment-full size-full wp-image-2473\" alt=\"\" srcset=\"https:\/\/collectifconsenti.ca\/wp-content\/uploads\/2022\/05\/faire-un-don-image-2-1.jpg 595w, https:\/\/collectifconsenti.ca\/wp-content\/uploads\/2022\/05\/faire-un-don-image-2-1-300x280.jpg 300w\" sizes=\"(max-width: 595px) 100vw, 595px\" \/>\t\t\t\t\t\t\t\t\t\t\t\t\t<\/div>\n\t\t\t\t<\/div>\n\t\t\t\t\t<\/div>\n\t\t<\/div>\n\t\t\t\t<div class=\"elementor-column elementor-col-50 elementor-inner-column elementor-element elementor-element-f285650 pv100 pl pr ph\" data-id=\"f285650\" data-element_type=\"column\">\n\t\t\t<div class=\"elementor-widget-wrap elementor-element-populated\">\n\t\t\t\t\t\t<div class=\"elementor-element elementor-element-bc50e56 elementor-invisible elementor-widget elementor-widget-heading\" data-id=\"bc50e56\" data-element_type=\"widget\" data-settings=\"{&quot;_animation&quot;:&quot;fadeInRight&quot;,&quot;_animation_mobile&quot;:&quot;fadeIn&quot;}\" data-widget_type=\"heading.default\">\n\t\t\t\t<div class=\"elementor-widget-container\">\n\t\t\t<h2 class=\"elementor-heading-title elementor-size-default\">Why give?<\/h2>\t\t<\/div>\n\t\t\t\t<\/div>\n\t\t\t\t<div class=\"elementor-element elementor-element-a070dba elementor-widget elementor-widget-text-editor\" data-id=\"a070dba\" data-element_type=\"widget\" data-widget_type=\"text-editor.default\">\n\t\t\t\t<div class=\"elementor-widget-container\">\n\t\t\t\t\t\t\t<p>A donation to the Consent Collective:<\/p>\t\t\t\t\t\t<\/div>\n\t\t\t\t<\/div>\n\t\t\t\t<div class=\"elementor-element elementor-element-26e0092 checklist elementor-icon-list--layout-traditional elementor-list-item-link-full_width elementor-widget elementor-widget-icon-list\" data-id=\"26e0092\" data-element_type=\"widget\" data-widget_type=\"icon-list.default\">\n\t\t\t\t<div class=\"elementor-widget-container\">\n\t\t\t\t\t<ul class=\"elementor-icon-list-items\">\n\t\t\t\t\t\t\t<li class=\"elementor-icon-list-item\">\n\t\t\t\t\t\t\t\t\t\t\t<span class=\"elementor-icon-list-icon\">\n\t\t\t\t\t\t\t<i aria-hidden=\"true\" class=\"fas fa-check\"><\/i>\t\t\t\t\t\t<\/span>\n\t\t\t\t\t\t\t\t\t\t<span class=\"elementor-icon-list-text\">Helps women, trans, non-binary and Two-Spirit people who have experienced past or recent sexual assault;<\/span>\n\t\t\t\t\t\t\t\t\t<\/li>\n\t\t\t\t\t\t\t\t<li class=\"elementor-icon-list-item\">\n\t\t\t\t\t\t\t\t\t\t\t<span class=\"elementor-icon-list-icon\">\n\t\t\t\t\t\t\t<i aria-hidden=\"true\" class=\"fas fa-check\"><\/i>\t\t\t\t\t\t<\/span>\n\t\t\t\t\t\t\t\t\t\t<span class=\"elementor-icon-list-text\">Inform and sensitize the population to the problem of sexual assault;<\/span>\n\t\t\t\t\t\t\t\t\t<\/li>\n\t\t\t\t\t\t\t\t<li class=\"elementor-icon-list-item\">\n\t\t\t\t\t\t\t\t\t\t\t<span class=\"elementor-icon-list-icon\">\n\t\t\t\t\t\t\t<i aria-hidden=\"true\" class=\"fas fa-check\"><\/i>\t\t\t\t\t\t<\/span>\n\t\t\t\t\t\t\t\t\t\t<span class=\"elementor-icon-list-text\">Contribute to the fight against sexual violence<\/span>\n\t\t\t\t\t\t\t\t\t<\/li>\n\t\t\t\t\t\t\t\t<li class=\"elementor-icon-list-item\">\n\t\t\t\t\t\t\t\t\t\t\t<span class=\"elementor-icon-list-icon\">\n\t\t\t\t\t\t\t<i aria-hidden=\"true\" class=\"fas fa-check\"><\/i>\t\t\t\t\t\t<\/span>\n\t\t\t\t\t\t\t\t\t\t<span class=\"elementor-icon-list-text\"> Prendre part \u00e0 un mouvement r\u00e9ellement f\u00e9ministe, anti-oppressif et intersectionnel qui s'engage toujours \u00e0 \u00eatre au devant des luttes<\/span>\n\t\t\t\t\t\t\t\t\t<\/li>\n\t\t\t\t\t\t<\/ul>\n\t\t\t\t<\/div>\n\t\t\t\t<\/div>\n\t\t\t\t\t<\/div>\n\t\t<\/div>\n\t\t\t\t\t<\/div>\n\t\t<\/section>\n\t\t\t\t\t<\/div>\n\t\t<\/div>\n\t\t\t\t\t<\/div>\n\t\t<\/section>\n\t\t\t\t<section class=\"elementor-section elementor-top-section elementor-element elementor-element-449c1f1 pv50 elementor-section-boxed elementor-section-height-default elementor-section-height-default\" data-id=\"449c1f1\" data-element_type=\"section\" data-settings=\"{&quot;jet_parallax_layout_list&quot;:[],&quot;background_background&quot;:&quot;classic&quot;}\">\n\t\t\t\t\t\t<div class=\"elementor-container elementor-column-gap-default\">\n\t\t\t\t\t<div class=\"elementor-column elementor-col-100 elementor-top-column elementor-element elementor-element-fc46e6f\" data-id=\"fc46e6f\" data-element_type=\"column\">\n\t\t\t<div class=\"elementor-widget-wrap\">\n\t\t\t\t\t\t\t<\/div>\n\t\t<\/div>\n\t\t\t\t\t<\/div>\n\t\t<\/section>\n\t\t\t\t<\/div>\n\t\t","protected":false},"excerpt":{"rendered":"<p>GET INVOLVED Make a donation Make a donation The Consent Collective is a non-profit organization and it would be impossible for us to accomplish our work without the help of your donations and our volunteers. Donations allow us to ensure the sustainability of our services to our clients. Your generosity can make a difference. Please [&hellip;]<\/p>\n","protected":false},"author":1,"featured_media":0,"parent":2678,"menu_order":0,"comment_status":"closed","ping_status":"closed","template":"elementor_header_footer","meta":{"_acf_changed":false,"footnotes":""},"class_list":["post-2721","page","type-page","status-publish","hentry"],"acf":[],"yoast_head":"<!-- This site is optimized with the Yoast SEO plugin v23.5 - https:\/\/yoast.com\/wordpress\/plugins\/seo\/ -->\n<title>Make a donation - Collectif Consenti<\/title>\n<meta name=\"robots\" content=\"index, follow, max-snippet:-1, max-image-preview:large, max-video-preview:-1\" \/>\n<link rel=\"canonical\" href=\"https:\/\/collectifconsenti.ca\/simpliquer\/faire-un-don\/\" \/>\n<meta property=\"og:locale\" content=\"en_US\" \/>\n<meta property=\"og:type\" content=\"article\" \/>\n<meta property=\"og:title\" content=\"Make a donation - Collectif Consenti\" \/>\n<meta property=\"og:description\" content=\"GET INVOLVED Make a donation Make a donation The Consent Collective is a non-profit organization and it would be impossible for us to accomplish our work without the help of your donations and our volunteers. Donations allow us to ensure the sustainability of our services to our clients. Your generosity can make a difference. Please [&hellip;]\" \/>\n<meta property=\"og:url\" content=\"https:\/\/collectifconsenti.ca\/simpliquer\/faire-un-don\/\" \/>\n<meta property=\"og:site_name\" content=\"Collectif Consenti\" \/>\n<meta property=\"article:modified_time\" content=\"2025-07-30T15:35:04+00:00\" \/>\n<meta property=\"og:image\" content=\"https:\/\/collectifconsenti.ca\/wp-content\/uploads\/2022\/05\/faire-un-don-image-1-1.jpg\" \/>\n<meta name=\"twitter:card\" content=\"summary_large_image\" \/>\n<meta name=\"twitter:label1\" content=\"Est. reading time\" \/>\n\t<meta name=\"twitter:data1\" content=\"2 minutes\" \/>\n<script type=\"application\/ld+json\" class=\"yoast-schema-graph\">{\"@context\":\"https:\/\/schema.org\",\"@graph\":[{\"@type\":\"WebPage\",\"@id\":\"https:\/\/collectifconsenti.ca\/simpliquer\/faire-un-don\/\",\"url\":\"https:\/\/collectifconsenti.ca\/simpliquer\/faire-un-don\/\",\"name\":\"Make a donation - Collectif Consenti\",\"isPartOf\":{\"@id\":\"https:\/\/collectifconsenti.ca\/#website\"},\"primaryImageOfPage\":{\"@id\":\"https:\/\/collectifconsenti.ca\/simpliquer\/faire-un-don\/#primaryimage\"},\"image\":{\"@id\":\"https:\/\/collectifconsenti.ca\/simpliquer\/faire-un-don\/#primaryimage\"},\"thumbnailUrl\":\"https:\/\/collectifconsenti.ca\/wp-content\/uploads\/2022\/05\/faire-un-don-image-1-1.jpg\",\"datePublished\":\"2022-05-11T20:37:32+00:00\",\"dateModified\":\"2025-07-30T15:35:04+00:00\",\"breadcrumb\":{\"@id\":\"https:\/\/collectifconsenti.ca\/simpliquer\/faire-un-don\/#breadcrumb\"},\"inLanguage\":\"en-US\",\"potentialAction\":[{\"@type\":\"ReadAction\",\"target\":[\"https:\/\/collectifconsenti.ca\/simpliquer\/faire-un-don\/\"]}]},{\"@type\":\"ImageObject\",\"inLanguage\":\"en-US\",\"@id\":\"https:\/\/collectifconsenti.ca\/simpliquer\/faire-un-don\/#primaryimage\",\"url\":\"https:\/\/collectifconsenti.ca\/wp-content\/uploads\/2022\/05\/faire-un-don-image-1-1.jpg\",\"contentUrl\":\"https:\/\/collectifconsenti.ca\/wp-content\/uploads\/2022\/05\/faire-un-don-image-1-1.jpg\"},{\"@type\":\"BreadcrumbList\",\"@id\":\"https:\/\/collectifconsenti.ca\/simpliquer\/faire-un-don\/#breadcrumb\",\"itemListElement\":[{\"@type\":\"ListItem\",\"position\":1,\"name\":\"Accueil\",\"item\":\"https:\/\/collectifconsenti.ca\/\"},{\"@type\":\"ListItem\",\"position\":2,\"name\":\"Get involved\",\"item\":\"https:\/\/collectifconsenti.ca\/en\/get-involved\/\"},{\"@type\":\"ListItem\",\"position\":3,\"name\":\"Make a donation\"}]},{\"@type\":\"WebSite\",\"@id\":\"https:\/\/collectifconsenti.ca\/#website\",\"url\":\"https:\/\/collectifconsenti.ca\/\",\"name\":\"Collectif Consenti\",\"description\":\"Centre d&#039;Aide et de Lutte contre les Agressions \u00e0 Caract\u00e8re Sexuel\",\"publisher\":{\"@id\":\"https:\/\/collectifconsenti.ca\/#organization\"},\"potentialAction\":[{\"@type\":\"SearchAction\",\"target\":{\"@type\":\"EntryPoint\",\"urlTemplate\":\"https:\/\/collectifconsenti.ca\/?s={search_term_string}\"},\"query-input\":{\"@type\":\"PropertyValueSpecification\",\"valueRequired\":true,\"valueName\":\"search_term_string\"}}],\"inLanguage\":\"en-US\"},{\"@type\":\"Organization\",\"@id\":\"https:\/\/collectifconsenti.ca\/#organization\",\"name\":\"Collectif Consenti\",\"url\":\"https:\/\/collectifconsenti.ca\/\",\"logo\":{\"@type\":\"ImageObject\",\"inLanguage\":\"en-US\",\"@id\":\"https:\/\/collectifconsenti.ca\/#\/schema\/logo\/image\/\",\"url\":\"https:\/\/collectifconsenti.ca\/wp-content\/uploads\/2020\/05\/CC_RESEAUX-SOCIAUX_Plan-de-travail-1-copie.jpg\",\"contentUrl\":\"https:\/\/collectifconsenti.ca\/wp-content\/uploads\/2020\/05\/CC_RESEAUX-SOCIAUX_Plan-de-travail-1-copie.jpg\",\"width\":1501,\"height\":1500,\"caption\":\"Collectif Consenti\"},\"image\":{\"@id\":\"https:\/\/collectifconsenti.ca\/#\/schema\/logo\/image\/\"}}]}<\/script>\n<!-- \/ Yoast SEO plugin. -->","yoast_head_json":{"title":"Make a donation - Collectif Consenti","robots":{"index":"index","follow":"follow","max-snippet":"max-snippet:-1","max-image-preview":"max-image-preview:large","max-video-preview":"max-video-preview:-1"},"canonical":"https:\/\/collectifconsenti.ca\/simpliquer\/faire-un-don\/","og_locale":"en_US","og_type":"article","og_title":"Make a donation - Collectif Consenti","og_description":"GET INVOLVED Make a donation Make a donation The Consent Collective is a non-profit organization and it would be impossible for us to accomplish our work without the help of your donations and our volunteers. Donations allow us to ensure the sustainability of our services to our clients. Your generosity can make a difference. Please [&hellip;]","og_url":"https:\/\/collectifconsenti.ca\/simpliquer\/faire-un-don\/","og_site_name":"Collectif Consenti","article_modified_time":"2025-07-30T15:35:04+00:00","og_image":[{"url":"https:\/\/collectifconsenti.ca\/wp-content\/uploads\/2022\/05\/faire-un-don-image-1-1.jpg"}],"twitter_card":"summary_large_image","twitter_misc":{"Est. reading time":"2 minutes"},"schema":{"@context":"https:\/\/schema.org","@graph":[{"@type":"WebPage","@id":"https:\/\/collectifconsenti.ca\/simpliquer\/faire-un-don\/","url":"https:\/\/collectifconsenti.ca\/simpliquer\/faire-un-don\/","name":"Make a donation - Collectif Consenti","isPartOf":{"@id":"https:\/\/collectifconsenti.ca\/#website"},"primaryImageOfPage":{"@id":"https:\/\/collectifconsenti.ca\/simpliquer\/faire-un-don\/#primaryimage"},"image":{"@id":"https:\/\/collectifconsenti.ca\/simpliquer\/faire-un-don\/#primaryimage"},"thumbnailUrl":"https:\/\/collectifconsenti.ca\/wp-content\/uploads\/2022\/05\/faire-un-don-image-1-1.jpg","datePublished":"2022-05-11T20:37:32+00:00","dateModified":"2025-07-30T15:35:04+00:00","breadcrumb":{"@id":"https:\/\/collectifconsenti.ca\/simpliquer\/faire-un-don\/#breadcrumb"},"inLanguage":"en-US","potentialAction":[{"@type":"ReadAction","target":["https:\/\/collectifconsenti.ca\/simpliquer\/faire-un-don\/"]}]},{"@type":"ImageObject","inLanguage":"en-US","@id":"https:\/\/collectifconsenti.ca\/simpliquer\/faire-un-don\/#primaryimage","url":"https:\/\/collectifconsenti.ca\/wp-content\/uploads\/2022\/05\/faire-un-don-image-1-1.jpg","contentUrl":"https:\/\/collectifconsenti.ca\/wp-content\/uploads\/2022\/05\/faire-un-don-image-1-1.jpg"},{"@type":"BreadcrumbList","@id":"https:\/\/collectifconsenti.ca\/simpliquer\/faire-un-don\/#breadcrumb","itemListElement":[{"@type":"ListItem","position":1,"name":"Accueil","item":"https:\/\/collectifconsenti.ca\/"},{"@type":"ListItem","position":2,"name":"Get involved","item":"https:\/\/collectifconsenti.ca\/en\/get-involved\/"},{"@type":"ListItem","position":3,"name":"Make a donation"}]},{"@type":"WebSite","@id":"https:\/\/collectifconsenti.ca\/#website","url":"https:\/\/collectifconsenti.ca\/","name":"Collectif Consenti","description":"Centre d&#039;Aide et de Lutte contre les Agressions \u00e0 Caract\u00e8re Sexuel","publisher":{"@id":"https:\/\/collectifconsenti.ca\/#organization"},"potentialAction":[{"@type":"SearchAction","target":{"@type":"EntryPoint","urlTemplate":"https:\/\/collectifconsenti.ca\/?s={search_term_string}"},"query-input":{"@type":"PropertyValueSpecification","valueRequired":true,"valueName":"search_term_string"}}],"inLanguage":"en-US"},{"@type":"Organization","@id":"https:\/\/collectifconsenti.ca\/#organization","name":"Collectif Consenti","url":"https:\/\/collectifconsenti.ca\/","logo":{"@type":"ImageObject","inLanguage":"en-US","@id":"https:\/\/collectifconsenti.ca\/#\/schema\/logo\/image\/","url":"https:\/\/collectifconsenti.ca\/wp-content\/uploads\/2020\/05\/CC_RESEAUX-SOCIAUX_Plan-de-travail-1-copie.jpg","contentUrl":"https:\/\/collectifconsenti.ca\/wp-content\/uploads\/2020\/05\/CC_RESEAUX-SOCIAUX_Plan-de-travail-1-copie.jpg","width":1501,"height":1500,"caption":"Collectif Consenti"},"image":{"@id":"https:\/\/collectifconsenti.ca\/#\/schema\/logo\/image\/"}}]}},"_links":{"self":[{"href":"https:\/\/collectifconsenti.ca\/en\/wp-json\/wp\/v2\/pages\/2721","targetHints":{"allow":["GET"]}}],"collection":[{"href":"https:\/\/collectifconsenti.ca\/en\/wp-json\/wp\/v2\/pages"}],"about":[{"href":"https:\/\/collectifconsenti.ca\/en\/wp-json\/wp\/v2\/types\/page"}],"author":[{"embeddable":true,"href":"https:\/\/collectifconsenti.ca\/en\/wp-json\/wp\/v2\/users\/1"}],"replies":[{"embeddable":true,"href":"https:\/\/collectifconsenti.ca\/en\/wp-json\/wp\/v2\/comments?post=2721"}],"version-history":[{"count":13,"href":"https:\/\/collectifconsenti.ca\/en\/wp-json\/wp\/v2\/pages\/2721\/revisions"}],"predecessor-version":[{"id":5845,"href":"https:\/\/collectifconsenti.ca\/en\/wp-json\/wp\/v2\/pages\/2721\/revisions\/5845"}],"up":[{"embeddable":true,"href":"https:\/\/collectifconsenti.ca\/en\/wp-json\/wp\/v2\/pages\/2678"}],"wp:attachment":[{"href":"https:\/\/collectifconsenti.ca\/en\/wp-json\/wp\/v2\/media?parent=2721"}],"curies":[{"name":"wp","href":"https:\/\/api.w.org\/{rel}","templated":true}]}}